{"id":85,"date":"2020-09-25T19:22:39","date_gmt":"2020-09-25T19:22:39","guid":{"rendered":"http:\/\/localhost\/amvd\/?page_id=85"},"modified":"2020-09-30T06:16:10","modified_gmt":"2020-09-30T06:16:10","slug":"sistema-de-ganancias","status":"publish","type":"page","link":"https:\/\/amvd.org.mx\/index.php\/venta-directa\/sistema-de-ganancias\/","title":{"rendered":"Sistema de ganancias"},"content":{"rendered":"\n<div style=\"height:60px\" aria-hidden=\"true\" class=\"wp-block-spacer\"><\/div>\n\n\n\n<div class=\"wp-block-image is-style-default\"><figure class=\"aligncenter size-full is-resized\"><img fetchpriority=\"high\" decoding=\"async\" src=\"http:\/\/localhost\/amvd\/wp-content\/uploads\/2020\/09\/profesional2.jpg\" alt=\"\" class=\"wp-image-867\" width=\"827\" height=\"240\" srcset=\"https:\/\/amvd.org.mx\/wp-content\/uploads\/2020\/09\/profesional2.jpg 827w, https:\/\/amvd.org.mx\/wp-content\/uploads\/2020\/09\/profesional2-300x87.jpg 300w, https:\/\/amvd.org.mx\/wp-content\/uploads\/2020\/09\/profesional2-768x223.jpg 768w\" sizes=\"(max-width: 827px) 100vw, 827px\" \/><\/figure><\/div>\n\n\n\n<hr class=\"wp-block-separator is-style-default\"\/>\n\n\n\n<section class=\"wp-block-uagb-section uagb-section__wrap uagb-section__background-undefined uagb-block-0533c083\"><div class=\"uagb-section__overlay\"><\/div><div class=\"uagb-section__inner-wrap\">\n<p>Se tiende a confundir lo que son los Sistemas de Venta con los Sistemas de Ganancias de las personas dedicadas a esta actividad, sin embargo, la diferencia b\u00e1sica es que mientras los primeros son las formas en que se realizan las ventas, los sistemas de ganancias son m\u00e9todos utilizados por las empresas para reconocer a estas personas. Los sistemas pueden diferir entre empresas y se engloban de la siguiente forma:<\/p>\n\n\n\n<ol class=\"wp-block-list\"><li>Contrato de Comisi\u00f3n Mercantil. En este sistema la persona act\u00faa bajo un contrato de comisi\u00f3n o de mediaci\u00f3n mercantil. La facturaci\u00f3n se hace de la empresa al consumidor por el precio total y el intermediario, que es el comisionista o mediador recibe una comisi\u00f3n establecida por la empresa. Jur\u00eddicamente este sistema es tratado como una comisi\u00f3n mercantil.<\/li><li>Descuento en el Precio. En este sistema la empresa celebra un contrato de compra-venta otorgando un descuento sobre el precio marcado. La persona obtiene una ganancia como \u201cutilidad\u201d al realizar la venta con el consumidor. Esto implica que la facturaci\u00f3n en este caso, la hace la empresa comercializadora, al vendedor y el vendedor a su vez, realiza una segunda operaci\u00f3n de compra-venta con el consumidor final.<\/li><li>Multinivel. En este modelo se pueden utilizar cualquiera de los dos sistemas de ganancias anteriormente mencionados el de comisi\u00f3n o el del descuento en el precio. Tiene la caracter\u00edstica de que los distribuidores independientes adem\u00e1s de obtener descuentos o comisiones por su volumen personal de ventas, tienen la oportunidad de obtener ganancias sobre las ventas del grupo o red reclutado o auspiciado dentro del plan Multinivel.<\/li><\/ol>\n\n\n\n<p>As\u00ed pues, la comercializaci\u00f3n Multinivel ofrece la oportunidad de crear su propio negocio independiente vendiendo bienes y servicios a consumidores y desarrollando y capacitando a una organizaci\u00f3n o red de distribuidores independientes para que hagan lo mismo. La relaci\u00f3n entre las personas dedicadas a esta actividad y las empresas de Venta Directa es de tipo mercantil, siempre se da en un \u00e1mbito comercial bajo contratos de comisi\u00f3n mercantil o mediante contratos de compra-venta<\/p>\n<\/div><\/section>\n\n\n\n<p><\/p>\n","protected":false},"excerpt":{"rendered":"","protected":false},"author":1,"featured_media":0,"parent":72,"menu_order":0,"comment_status":"closed","ping_status":"closed","template":"","meta":{"ocean_post_layout":"","ocean_both_sidebars_style":"","ocean_both_sidebars_content_width":0,"ocean_both_sidebars_sidebars_width":0,"ocean_sidebar":"0","ocean_second_sidebar":"0","ocean_disable_margins":"enable","ocean_add_body_class":"","ocean_shortcode_before_top_bar":"","ocean_shortcode_after_top_bar":"","ocean_shortcode_before_header":"","ocean_shortcode_after_header":"","ocean_has_shortcode":"","ocean_shortcode_after_title":"","ocean_shortcode_before_footer_widgets":"","ocean_shortcode_after_footer_widgets":"","ocean_shortcode_before_footer_bottom":"","ocean_shortcode_after_footer_bottom":"","ocean_display_top_bar":"default","ocean_display_header":"default","ocean_header_style":"","ocean_center_header_left_menu":"0","ocean_custom_header_template":"0","ocean_custom_logo":0,"ocean_custom_retina_logo":0,"ocean_custom_logo_max_width":0,"ocean_custom_logo_tablet_max_width":0,"ocean_custom_logo_mobile_max_width":0,"ocean_custom_logo_max_height":0,"ocean_custom_logo_tablet_max_height":0,"ocean_custom_logo_mobile_max_height":0,"ocean_header_custom_menu":"0","ocean_menu_typo_font_family":"0","ocean_menu_typo_font_subset":"","ocean_menu_typo_font_size":0,"ocean_menu_typo_font_size_tablet":0,"ocean_menu_typo_font_size_mobile":0,"ocean_menu_typo_font_size_unit":"px","ocean_menu_typo_font_weight":"","ocean_menu_typo_font_weight_tablet":"","ocean_menu_typo_font_weight_mobile":"","ocean_menu_typo_transform":"","ocean_menu_typo_transform_tablet":"","ocean_menu_typo_transform_mobile":"","ocean_menu_typo_line_height":0,"ocean_menu_typo_line_height_tablet":0,"ocean_menu_typo_line_height_mobile":0,"ocean_menu_typo_line_height_unit":"","ocean_menu_typo_spacing":0,"ocean_menu_typo_spacing_tablet":0,"ocean_menu_typo_spacing_mobile":0,"ocean_menu_typo_spacing_unit":"","ocean_menu_link_color":"","ocean_menu_link_color_hover":"","ocean_menu_link_color_active":"","ocean_menu_link_background":"","ocean_menu_link_hover_background":"","ocean_menu_link_active_background":"","ocean_menu_social_links_bg":"","ocean_menu_social_hover_links_bg":"","ocean_menu_social_links_color":"","ocean_menu_social_hover_links_color":"","ocean_disable_title":"default","ocean_disable_heading":"default","ocean_post_title":"","ocean_post_subheading":"","ocean_post_title_style":"","ocean_post_title_background_color":"","ocean_post_title_background":0,"ocean_post_title_bg_image_position":"","ocean_post_title_bg_image_attachment":"","ocean_post_title_bg_image_repeat":"","ocean_post_title_bg_image_size":"","ocean_post_title_height":0,"ocean_post_title_bg_overlay":0.5,"ocean_post_title_bg_overlay_color":"","ocean_disable_breadcrumbs":"default","ocean_breadcrumbs_color":"","ocean_breadcrumbs_separator_color":"","ocean_breadcrumbs_links_color":"","ocean_breadcrumbs_links_hover_color":"","ocean_display_footer_widgets":"default","ocean_display_footer_bottom":"default","ocean_custom_footer_template":"0","footnotes":""},"class_list":["post-85","page","type-page","status-publish","hentry","entry"],"_links":{"self":[{"href":"https:\/\/amvd.org.mx\/index.php\/wp-json\/wp\/v2\/pages\/85","targetHints":{"allow":["GET"]}}],"collection":[{"href":"https:\/\/amvd.org.mx\/index.php\/wp-json\/wp\/v2\/pages"}],"about":[{"href":"https:\/\/amvd.org.mx\/index.php\/wp-json\/wp\/v2\/types\/page"}],"author":[{"embeddable":true,"href":"https:\/\/amvd.org.mx\/index.php\/wp-json\/wp\/v2\/users\/1"}],"replies":[{"embeddable":true,"href":"https:\/\/amvd.org.mx\/index.php\/wp-json\/wp\/v2\/comments?post=85"}],"version-history":[{"count":15,"href":"https:\/\/amvd.org.mx\/index.php\/wp-json\/wp\/v2\/pages\/85\/revisions"}],"predecessor-version":[{"id":1082,"href":"https:\/\/amvd.org.mx\/index.php\/wp-json\/wp\/v2\/pages\/85\/revisions\/1082"}],"up":[{"embeddable":true,"href":"https:\/\/amvd.org.mx\/index.php\/wp-json\/wp\/v2\/pages\/72"}],"wp:attachment":[{"href":"https:\/\/amvd.org.mx\/index.php\/wp-json\/wp\/v2\/media?parent=85"}],"curies":[{"name":"wp","href":"https:\/\/api.w.org\/{rel}","templated":true}]}}