{"id":3121,"date":"2025-06-09T12:34:18","date_gmt":"2025-06-09T12:34:18","guid":{"rendered":"https:\/\/amvd.org.mx\/?page_id=3121"},"modified":"2025-08-01T14:40:31","modified_gmt":"2025-08-01T14:40:31","slug":"como-ser-socio-01","status":"publish","type":"page","link":"https:\/\/amvd.org.mx\/index.php\/como-ser-socio-01\/","title":{"rendered":"\u00bfC\u00f3mo ser Socio?"},"content":{"rendered":"\t\t<div data-elementor-type=\"wp-page\" data-elementor-id=\"3121\" class=\"elementor elementor-3121\" data-elementor-post-type=\"page\">\n\t\t\t\t\t\t<section class=\"elementor-section elementor-top-section elementor-element elementor-element-85dd0c2 elementor-section-boxed elementor-section-height-default elementor-section-height-default\" data-id=\"85dd0c2\" data-element_type=\"section\">\n\t\t\t\t\t\t<div class=\"elementor-container elementor-column-gap-default\">\n\t\t\t\t\t<div class=\"elementor-column elementor-col-100 elementor-top-column elementor-element elementor-element-7fe247c\" data-id=\"7fe247c\" data-element_type=\"column\">\n\t\t\t<div class=\"elementor-widget-wrap elementor-element-populated\">\n\t\t\t\t\t\t<div class=\"elementor-element elementor-element-45ac915 elementor-widget elementor-widget-text-editor\" data-id=\"45ac915\" data-element_type=\"widget\" data-widget_type=\"text-editor.default\">\n\t\t\t\t<div class=\"elementor-widget-container\">\n\t\t\t\t\t\t\t\t\t<p>La AMVD cuenta con dos tipos de socios:\u00a0<strong>Activos y Colaboradores.<\/strong><\/p><p>a) Los Socios \u201cActivos\u201d son empresas que realizan la comercializaci\u00f3n de sus productos mediante el sistema de Ventas Directas.<\/p><p>b) Los Socios \u201cColaboradores\u201d son todas aquellas empresas que tienen intereses comunes con la Asociaci\u00f3n o sus Asociados. Proveedores de la industria de la Venta Directa.<\/p><p>Para tener la calidad de Asociado se requiere:<\/p>\t\t\t\t\t\t\t\t<\/div>\n\t\t\t\t<\/div>\n\t\t\t\t\t<\/div>\n\t\t<\/div>\n\t\t\t\t\t<\/div>\n\t\t<\/section>\n\t\t\t\t<section class=\"elementor-section elementor-top-section elementor-element elementor-element-9e8a5cf elementor-section-boxed elementor-section-height-default elementor-section-height-default\" data-id=\"9e8a5cf\" data-element_type=\"section\">\n\t\t\t\t\t\t<div class=\"elementor-container elementor-column-gap-default\">\n\t\t\t\t\t<div class=\"elementor-column elementor-col-100 elementor-top-column elementor-element elementor-element-6a71c7a\" data-id=\"6a71c7a\" data-element_type=\"column\">\n\t\t\t<div class=\"elementor-widget-wrap elementor-element-populated\">\n\t\t\t\t\t\t<div class=\"elementor-element elementor-element-bc9185a elementor-list-item-link-full_width elementor-widget elementor-widget-icon-list\" data-id=\"bc9185a\" data-element_type=\"widget\" data-widget_type=\"icon-list.default\">\n\t\t\t\t<div class=\"elementor-widget-container\">\n\t\t\t\t\t\t\t<ul class=\"elementor-icon-list-items\">\n\t\t\t\t\t\t\t<li class=\"elementor-icon-list-item\">\n\t\t\t\t\t\t\t\t\t\t\t<span class=\"elementor-icon-list-icon\">\n\t\t\t\t\t\t\t<i aria-hidden=\"true\" class=\"fas fa-suitcase\"><\/i>\t\t\t\t\t\t<\/span>\n\t\t\t\t\t\t\t\t\t\t<span class=\"elementor-icon-list-text\">Ser empresa que comercialice sus productos a trav\u00e9s de Venta Directa o una empresa con fines comunes a la Asociaci\u00f3n y haber tenido operaciones comerciales en el mercado nacional por lo menos durante un a\u00f1o previo a su ingreso o que cuente con operaciones comerciales en el mercado nacional por lo menos durante seis meses previos a su ingreso y est\u00e9 afiliado a una Asociaci\u00f3n Nacional de Ventas Directas en alg\u00fan otro pa\u00eds.<\/span>\n\t\t\t\t\t\t\t\t\t<\/li>\n\t\t\t\t\t\t<\/ul>\n\t\t\t\t\t\t<\/div>\n\t\t\t\t<\/div>\n\t\t\t\t<div class=\"elementor-element elementor-element-3e0514f elementor-list-item-link-full_width elementor-widget elementor-widget-icon-list\" data-id=\"3e0514f\" data-element_type=\"widget\" data-widget_type=\"icon-list.default\">\n\t\t\t\t<div class=\"elementor-widget-container\">\n\t\t\t\t\t\t\t<ul class=\"elementor-icon-list-items\">\n\t\t\t\t\t\t\t<li class=\"elementor-icon-list-item\">\n\t\t\t\t\t\t\t\t\t\t\t<span class=\"elementor-icon-list-icon\">\n\t\t\t\t\t\t\t<i aria-hidden=\"true\" class=\"fas fa-book-open\"><\/i>\t\t\t\t\t\t<\/span>\n\t\t\t\t\t\t\t\t\t\t<span class=\"elementor-icon-list-text\">Estar legalmente constituida conforme las leyes de la Rep\u00fablica Mexicana<\/span>\n\t\t\t\t\t\t\t\t\t<\/li>\n\t\t\t\t\t\t<\/ul>\n\t\t\t\t\t\t<\/div>\n\t\t\t\t<\/div>\n\t\t\t\t<div class=\"elementor-element elementor-element-f2d9be6 elementor-icon-list--layout-inline elementor-list-item-link-full_width elementor-widget elementor-widget-icon-list\" data-id=\"f2d9be6\" data-element_type=\"widget\" data-widget_type=\"icon-list.default\">\n\t\t\t\t<div class=\"elementor-widget-container\">\n\t\t\t\t\t\t\t<ul class=\"elementor-icon-list-items elementor-inline-items\">\n\t\t\t\t\t\t\t<li class=\"elementor-icon-list-item elementor-inline-item\">\n\t\t\t\t\t\t\t\t\t\t\t<span class=\"elementor-icon-list-icon\">\n\t\t\t\t\t\t\t<i aria-hidden=\"true\" class=\"fas fa-clipboard-list\"><\/i>\t\t\t\t\t\t<\/span>\n\t\t\t\t\t\t\t\t\t\t<span class=\"elementor-icon-list-text\">Presentar al Consejo Directivo AMVD la siguiente documentaci\u00f3n: <br><br><ul class=\"wp-block-list\">  \t<li><strong>Solicitud de Ingreso<\/strong><\/li>  \t<li><strong>Copia de acta constitutiva de la empresa<\/strong><\/li>  \t<li><strong>Copia de su alta ante la Secretar\u00eda de Hacienda y Cr\u00e9dito P\u00fablico<\/strong><\/li>  \t<li><strong>Carta de recomendaci\u00f3n de un Socio Activo AMVD<\/strong><\/li><\/ul> <p class=\"guten-element gutenverse-text guten-FgBTaT\" aria-label=\"Text Paragraph\"><br>La presentaci\u00f3n de la solicitud de ingreso representa en s\u00ed, la aceptaci\u00f3n expresa de la empresa aspirante de cumplir con todas las obligaciones derivadas de los Estatutos, C\u00f3digo de \u00c9tica y de los acuerdos de las Asambleas Generales de Asociados.<\/p><\/span>\n\t\t\t\t\t\t\t\t\t<\/li>\n\t\t\t\t\t\t<\/ul>\n\t\t\t\t\t\t<\/div>\n\t\t\t\t<\/div>\n\t\t\t\t<div class=\"elementor-element elementor-element-2a33877 elementor-icon-list--layout-inline elementor-list-item-link-full_width elementor-widget elementor-widget-icon-list\" data-id=\"2a33877\" data-element_type=\"widget\" data-widget_type=\"icon-list.default\">\n\t\t\t\t<div class=\"elementor-widget-container\">\n\t\t\t\t\t\t\t<ul class=\"elementor-icon-list-items elementor-inline-items\">\n\t\t\t\t\t\t\t<li class=\"elementor-icon-list-item elementor-inline-item\">\n\t\t\t\t\t\t\t\t\t\t\t<span class=\"elementor-icon-list-icon\">\n\t\t\t\t\t\t\t<i aria-hidden=\"true\" class=\"fas fa-clipboard-list\"><\/i>\t\t\t\t\t\t<\/span>\n\t\t\t\t\t\t\t\t\t\t<span class=\"elementor-icon-list-text\"><p>\u00danicamente aspirantes a Socios Activos (Empresas de Venta Directa)<\/p><br> <ul class=\"wp-block-list\"> \t \t<li><strong>Copia del contrato que celebran con su fuerza de ventas<\/strong><\/li>  \t<li><strong>Plan de compensaciones<\/strong><\/li><li><strong>Copia de su permiso de publicidad emitido por la COFEPRIS (Para empresas que aplique este permiso)<\/strong><\/li> <\/ul> <br><p class=\"guten-element gutenverse-text guten-FgBTaT\" aria-label=\"Text Paragraph\">La presentaci\u00f3n de la solicitud de ingreso representa en s\u00ed, la aceptaci\u00f3n expresa de la empresa aspirante de cumplir con todas las obligaciones derivadas de los Estatutos, C\u00f3digo de \u00c9tica y de los acuerdos de las Asambleas Generales de Asociados.<\/p><\/span>\n\t\t\t\t\t\t\t\t\t<\/li>\n\t\t\t\t\t\t<\/ul>\n\t\t\t\t\t\t<\/div>\n\t\t\t\t<\/div>\n\t\t\t\t<div class=\"elementor-element elementor-element-0015e20 elementor-list-item-link-full_width elementor-widget elementor-widget-icon-list\" data-id=\"0015e20\" data-element_type=\"widget\" data-widget_type=\"icon-list.default\">\n\t\t\t\t<div class=\"elementor-widget-container\">\n\t\t\t\t\t\t\t<ul class=\"elementor-icon-list-items\">\n\t\t\t\t\t\t\t<li class=\"elementor-icon-list-item\">\n\t\t\t\t\t\t\t\t\t\t\t<span class=\"elementor-icon-list-icon\">\n\t\t\t\t\t\t\t<i aria-hidden=\"true\" class=\"fas fa-search\"><\/i>\t\t\t\t\t\t<\/span>\n\t\t\t\t\t\t\t\t\t\t<span class=\"elementor-icon-list-text\">Comprobar a satisfacci\u00f3n del Consejo Directivo AMVD, el no utilizar un sistema de comercializaci\u00f3n como el denominado piramidal o cadena sin fin, cumplir con todas las leyes y regulaciones vigentes en M\u00e9xico y contar con una amplia solvencia econ\u00f3mica y moral.<\/span>\n\t\t\t\t\t\t\t\t\t<\/li>\n\t\t\t\t\t\t<\/ul>\n\t\t\t\t\t\t<\/div>\n\t\t\t\t<\/div>\n\t\t\t\t<div class=\"elementor-element elementor-element-77a15ab elementor-list-item-link-full_width elementor-widget elementor-widget-icon-list\" data-id=\"77a15ab\" data-element_type=\"widget\" data-widget_type=\"icon-list.default\">\n\t\t\t\t<div class=\"elementor-widget-container\">\n\t\t\t\t\t\t\t<ul class=\"elementor-icon-list-items\">\n\t\t\t\t\t\t\t<li class=\"elementor-icon-list-item\">\n\t\t\t\t\t\t\t\t\t\t\t<span class=\"elementor-icon-list-icon\">\n\t\t\t\t\t\t\t<i aria-hidden=\"true\" class=\"fas fa-bullhorn\"><\/i>\t\t\t\t\t\t<\/span>\n\t\t\t\t\t\t\t\t\t\t<span class=\"elementor-icon-list-text\">De ser aprobada la solicitud por el Consejo Directivo AMVD, \u00e9ste circular\u00e1 un comunicado entre los asociados, informando la intenci\u00f3n de la empresa de ingresar a la Asociaci\u00f3n, para que \u00e9stos expresen por escrito en un plazo no mayor de 15 d\u00edas su aprobaci\u00f3n o rechazo debidamente fundamentado.<\/span>\n\t\t\t\t\t\t\t\t\t<\/li>\n\t\t\t\t\t\t<\/ul>\n\t\t\t\t\t\t<\/div>\n\t\t\t\t<\/div>\n\t\t\t\t<div class=\"elementor-element elementor-element-1fa6a3a elementor-list-item-link-full_width elementor-widget elementor-widget-icon-list\" data-id=\"1fa6a3a\" data-element_type=\"widget\" data-widget_type=\"icon-list.default\">\n\t\t\t\t<div class=\"elementor-widget-container\">\n\t\t\t\t\t\t\t<ul class=\"elementor-icon-list-items\">\n\t\t\t\t\t\t\t<li class=\"elementor-icon-list-item\">\n\t\t\t\t\t\t\t\t\t\t\t<span class=\"elementor-icon-list-icon\">\n\t\t\t\t\t\t\t<i aria-hidden=\"true\" class=\"fas fa-chart-pie\"><\/i>\t\t\t\t\t\t<\/span>\n\t\t\t\t\t\t\t\t\t\t<span class=\"elementor-icon-list-text\">Al confirmar el Consejo Directivo la aprobaci\u00f3n de por lo menos el 75% de los socios podr\u00e1 dar por aceptada la solicitud, informando la decisi\u00f3n por escrito al solicitante. En caso de ser rechazada, la empresa solicitante no tendr\u00e1 ning\u00fan recurso en contra de esa negativa.De ser aprobada la solicitud por el Consejo Directivo AMVD, \u00e9ste circular\u00e1 un comunicado entre los asociados, informando la intenci\u00f3n de la empresa de ingresar a la Asociaci\u00f3n, para que \u00e9stos expresen por escrito en un plazo no mayor de 15 d\u00edas su aprobaci\u00f3n o rechazo debidamente fundamentado.<\/span>\n\t\t\t\t\t\t\t\t\t<\/li>\n\t\t\t\t\t\t<\/ul>\n\t\t\t\t\t\t<\/div>\n\t\t\t\t<\/div>\n\t\t\t\t\t<\/div>\n\t\t<\/div>\n\t\t\t\t\t<\/div>\n\t\t<\/section>\n\t\t\t\t<\/div>\n\t\t","protected":false},"excerpt":{"rendered":"<p>La AMVD cuenta con dos tipos de socios:\u00a0Activos y Colaboradores. a) Los Socios \u201cActivos\u201d son empresas que realizan la comercializaci\u00f3n de sus productos mediante el sistema de Ventas Directas. b) Los Socios \u201cColaboradores\u201d son todas aquellas empresas que tienen intereses comunes con la Asociaci\u00f3n o sus Asociados. Proveedores de la industria de la Venta Directa. [&hellip;]<\/p>\n","protected":false},"author":64,"featured_media":0,"parent":0,"menu_order":0,"comment_status":"closed","ping_status":"closed","template":"","meta":{"ocean_post_layout":"","ocean_both_sidebars_style":"","ocean_both_sidebars_content_width":0,"ocean_both_sidebars_sidebars_width":0,"ocean_sidebar":"","ocean_second_sidebar":"","ocean_disable_margins":"enable","ocean_add_body_class":"","ocean_shortcode_before_top_bar":"","ocean_shortcode_after_top_bar":"","ocean_shortcode_before_header":"","ocean_shortcode_after_header":"","ocean_has_shortcode":"","ocean_shortcode_after_title":"","ocean_shortcode_before_footer_widgets":"","ocean_shortcode_after_footer_widgets":"","ocean_shortcode_before_footer_bottom":"","ocean_shortcode_after_footer_bottom":"","ocean_display_top_bar":"default","ocean_display_header":"default","ocean_header_style":"","ocean_center_header_left_menu":"","ocean_custom_header_template":"","ocean_custom_logo":0,"ocean_custom_retina_logo":0,"ocean_custom_logo_max_width":0,"ocean_custom_logo_tablet_max_width":0,"ocean_custom_logo_mobile_max_width":0,"ocean_custom_logo_max_height":0,"ocean_custom_logo_tablet_max_height":0,"ocean_custom_logo_mobile_max_height":0,"ocean_header_custom_menu":"","ocean_menu_typo_font_family":"","ocean_menu_typo_font_subset":"","ocean_menu_typo_font_size":0,"ocean_menu_typo_font_size_tablet":0,"ocean_menu_typo_font_size_mobile":0,"ocean_menu_typo_font_size_unit":"px","ocean_menu_typo_font_weight":"","ocean_menu_typo_font_weight_tablet":"","ocean_menu_typo_font_weight_mobile":"","ocean_menu_typo_transform":"","ocean_menu_typo_transform_tablet":"","ocean_menu_typo_transform_mobile":"","ocean_menu_typo_line_height":0,"ocean_menu_typo_line_height_tablet":0,"ocean_menu_typo_line_height_mobile":0,"ocean_menu_typo_line_height_unit":"","ocean_menu_typo_spacing":0,"ocean_menu_typo_spacing_tablet":0,"ocean_menu_typo_spacing_mobile":0,"ocean_menu_typo_spacing_unit":"","ocean_menu_link_color":"","ocean_menu_link_color_hover":"","ocean_menu_link_color_active":"","ocean_menu_link_background":"","ocean_menu_link_hover_background":"","ocean_menu_link_active_background":"","ocean_menu_social_links_bg":"","ocean_menu_social_hover_links_bg":"","ocean_menu_social_links_color":"","ocean_menu_social_hover_links_color":"","ocean_disable_title":"default","ocean_disable_heading":"default","ocean_post_title":"","ocean_post_subheading":"","ocean_post_title_style":"","ocean_post_title_background_color":"","ocean_post_title_background":0,"ocean_post_title_bg_image_position":"","ocean_post_title_bg_image_attachment":"","ocean_post_title_bg_image_repeat":"","ocean_post_title_bg_image_size":"","ocean_post_title_height":0,"ocean_post_title_bg_overlay":0.5,"ocean_post_title_bg_overlay_color":"","ocean_disable_breadcrumbs":"default","ocean_breadcrumbs_color":"","ocean_breadcrumbs_separator_color":"","ocean_breadcrumbs_links_color":"","ocean_breadcrumbs_links_hover_color":"","ocean_display_footer_widgets":"default","ocean_display_footer_bottom":"default","ocean_custom_footer_template":"","footnotes":""},"class_list":["post-3121","page","type-page","status-publish","hentry","entry"],"_links":{"self":[{"href":"https:\/\/amvd.org.mx\/index.php\/wp-json\/wp\/v2\/pages\/3121","targetHints":{"allow":["GET"]}}],"collection":[{"href":"https:\/\/amvd.org.mx\/index.php\/wp-json\/wp\/v2\/pages"}],"about":[{"href":"https:\/\/amvd.org.mx\/index.php\/wp-json\/wp\/v2\/types\/page"}],"author":[{"embeddable":true,"href":"https:\/\/amvd.org.mx\/index.php\/wp-json\/wp\/v2\/users\/64"}],"replies":[{"embeddable":true,"href":"https:\/\/amvd.org.mx\/index.php\/wp-json\/wp\/v2\/comments?post=3121"}],"version-history":[{"count":51,"href":"https:\/\/amvd.org.mx\/index.php\/wp-json\/wp\/v2\/pages\/3121\/revisions"}],"predecessor-version":[{"id":5383,"href":"https:\/\/amvd.org.mx\/index.php\/wp-json\/wp\/v2\/pages\/3121\/revisions\/5383"}],"wp:attachment":[{"href":"https:\/\/amvd.org.mx\/index.php\/wp-json\/wp\/v2\/media?parent=3121"}],"curies":[{"name":"wp","href":"https:\/\/api.w.org\/{rel}","templated":true}]}}