{"id":3101,"date":"2025-06-09T12:19:34","date_gmt":"2025-06-09T12:19:34","guid":{"rendered":"https:\/\/amvd.org.mx\/?page_id=3101"},"modified":"2025-07-25T19:43:23","modified_gmt":"2025-07-25T19:43:23","slug":"objetivos-01","status":"publish","type":"page","link":"https:\/\/amvd.org.mx\/index.php\/objetivos-01\/","title":{"rendered":"Objetivos"},"content":{"rendered":"\t\t<div data-elementor-type=\"wp-page\" data-elementor-id=\"3101\" class=\"elementor elementor-3101\" data-elementor-post-type=\"page\">\n\t\t\t\t\t\t<section class=\"elementor-section elementor-top-section elementor-element elementor-element-89445d6 elementor-section-boxed elementor-section-height-default elementor-section-height-default\" data-id=\"89445d6\" data-element_type=\"section\">\n\t\t\t\t\t\t<div class=\"elementor-container elementor-column-gap-default\">\n\t\t\t\t\t<div class=\"elementor-column elementor-col-50 elementor-top-column elementor-element elementor-element-1d5ece8\" data-id=\"1d5ece8\" data-element_type=\"column\">\n\t\t\t<div class=\"elementor-widget-wrap elementor-element-populated\">\n\t\t\t\t\t\t<div class=\"elementor-element elementor-element-7395f87 elementor-widget elementor-widget-text-editor\" data-id=\"7395f87\" data-element_type=\"widget\" data-widget_type=\"text-editor.default\">\n\t\t\t\t<div class=\"elementor-widget-container\">\n\t\t\t\t\t\t\t\t\t<ul>\n \t<li><p>Agrupar a todas las empresas dedicadas a la Venta Directa en M\u00e9xico.<\/p><\/li>\n \t<li><p>Representar, apoyar y defender los intereses generales de la industria de la Venta Directa.<\/li>\n \t<li><p>Promover y mantener el reconocimiento p\u00fablico de confianza y respeto para los asociados y para la industria de la Venta Directa.<\/li>\n \t<li><p>Brindar orientaci\u00f3n y asesor\u00eda general a los asociados sobre asuntos comunes a la industria de la Venta Directa, as\u00ed como, servicios acordes a las necesidades, intereses y expectativas de los afiliados.<\/li>\n \t<li><p>Unir fortalezas para constituir un cuerpo con mayor jerarqu\u00eda y representatividad ante autoridades, medios de comunicaci\u00f3n y p\u00fablico en general enfrentando retos comunes de la industria de la Venta Directa.<\/p><\/li>\n \t<li><p>Fomentar el respeto y sana competencia entre los socios, as\u00ed como, pr\u00e1cticas que garanticen al consumidor la mejor calidad y servicio, todo esto basado en el C\u00f3digo de \u00c9tica AMVD.<\/p><\/li>\n \t<li><p>Ser un referente en todos los temas que ata\u00f1en a la Venta Directa.<\/p><\/li>\n \t<li><p>Coadyuvar al mejoramiento social, econ\u00f3mico y ambiental mediante programas de responsabilidad social a trav\u00e9s de los socios AMVD quienes contribuyen de manera importante en la construcci\u00f3n de un mejor pa\u00eds.<\/p><\/li>\n<\/ul>\t\t\t\t\t\t\t\t<\/div>\n\t\t\t\t<\/div>\n\t\t\t\t\t<\/div>\n\t\t<\/div>\n\t\t\t\t<div class=\"elementor-column elementor-col-50 elementor-top-column elementor-element elementor-element-a93bd91\" data-id=\"a93bd91\" data-element_type=\"column\">\n\t\t\t<div class=\"elementor-widget-wrap elementor-element-populated\">\n\t\t\t\t\t\t<div class=\"elementor-element elementor-element-0e1d3ac elementor-widget elementor-widget-image\" data-id=\"0e1d3ac\" data-element_type=\"widget\" data-settings=\"{&quot;_animation&quot;:&quot;none&quot;}\" data-widget_type=\"image.default\">\n\t\t\t\t<div class=\"elementor-widget-container\">\n\t\t\t\t\t\t\t\t\t\t\t\t\t\t\t<img fetchpriority=\"high\" decoding=\"async\" width=\"572\" height=\"476\" src=\"https:\/\/amvd.org.mx\/wp-content\/uploads\/2020\/09\/handshake.jpg\" class=\"attachment-large size-large wp-image-623\" alt=\"\" srcset=\"https:\/\/amvd.org.mx\/wp-content\/uploads\/2020\/09\/handshake.jpg 572w, https:\/\/amvd.org.mx\/wp-content\/uploads\/2020\/09\/handshake-300x250.jpg 300w\" sizes=\"(max-width: 572px) 100vw, 572px\" \/>\t\t\t\t\t\t\t\t\t\t\t\t\t\t\t<\/div>\n\t\t\t\t<\/div>\n\t\t\t\t\t<\/div>\n\t\t<\/div>\n\t\t\t\t\t<\/div>\n\t\t<\/section>\n\t\t\t\t<\/div>\n\t\t","protected":false},"excerpt":{"rendered":"<p>Agrupar a todas las empresas dedicadas a la Venta Directa en M\u00e9xico. Representar, apoyar y defender los intereses generales de la industria de la Venta Directa. Promover y mantener el reconocimiento p\u00fablico de confianza y respeto para los asociados y para la industria de la Venta Directa. Brindar orientaci\u00f3n y asesor\u00eda general a los asociados [&hellip;]<\/p>\n","protected":false},"author":64,"featured_media":0,"parent":0,"menu_order":0,"comment_status":"closed","ping_status":"closed","template":"","meta":{"ocean_post_layout":"","ocean_both_sidebars_style":"","ocean_both_sidebars_content_width":0,"ocean_both_sidebars_sidebars_width":0,"ocean_sidebar":"","ocean_second_sidebar":"","ocean_disable_margins":"enable","ocean_add_body_class":"","ocean_shortcode_before_top_bar":"","ocean_shortcode_after_top_bar":"","ocean_shortcode_before_header":"","ocean_shortcode_after_header":"","ocean_has_shortcode":"","ocean_shortcode_after_title":"","ocean_shortcode_before_footer_widgets":"","ocean_shortcode_after_footer_widgets":"","ocean_shortcode_before_footer_bottom":"","ocean_shortcode_after_footer_bottom":"","ocean_display_top_bar":"default","ocean_display_header":"default","ocean_header_style":"","ocean_center_header_left_menu":"","ocean_custom_header_template":"","ocean_custom_logo":144,"ocean_custom_retina_logo":144,"ocean_custom_logo_max_width":0,"ocean_custom_logo_tablet_max_width":0,"ocean_custom_logo_mobile_max_width":0,"ocean_custom_logo_max_height":0,"ocean_custom_logo_tablet_max_height":0,"ocean_custom_logo_mobile_max_height":0,"ocean_header_custom_menu":"","ocean_menu_typo_font_family":"","ocean_menu_typo_font_subset":"","ocean_menu_typo_font_size":0,"ocean_menu_typo_font_size_tablet":0,"ocean_menu_typo_font_size_mobile":0,"ocean_menu_typo_font_size_unit":"px","ocean_menu_typo_font_weight":"","ocean_menu_typo_font_weight_tablet":"","ocean_menu_typo_font_weight_mobile":"","ocean_menu_typo_transform":"","ocean_menu_typo_transform_tablet":"","ocean_menu_typo_transform_mobile":"","ocean_menu_typo_line_height":0,"ocean_menu_typo_line_height_tablet":0,"ocean_menu_typo_line_height_mobile":0,"ocean_menu_typo_line_height_unit":"","ocean_menu_typo_spacing":0,"ocean_menu_typo_spacing_tablet":0,"ocean_menu_typo_spacing_mobile":0,"ocean_menu_typo_spacing_unit":"","ocean_menu_link_color":"","ocean_menu_link_color_hover":"","ocean_menu_link_color_active":"","ocean_menu_link_background":"","ocean_menu_link_hover_background":"","ocean_menu_link_active_background":"","ocean_menu_social_links_bg":"","ocean_menu_social_hover_links_bg":"","ocean_menu_social_links_color":"","ocean_menu_social_hover_links_color":"","ocean_disable_title":"default","ocean_disable_heading":"default","ocean_post_title":"","ocean_post_subheading":"","ocean_post_title_style":"","ocean_post_title_background_color":"","ocean_post_title_background":0,"ocean_post_title_bg_image_position":"","ocean_post_title_bg_image_attachment":"","ocean_post_title_bg_image_repeat":"","ocean_post_title_bg_image_size":"","ocean_post_title_height":0,"ocean_post_title_bg_overlay":0.5,"ocean_post_title_bg_overlay_color":"","ocean_disable_breadcrumbs":"default","ocean_breadcrumbs_color":"","ocean_breadcrumbs_separator_color":"","ocean_breadcrumbs_links_color":"","ocean_breadcrumbs_links_hover_color":"","ocean_display_footer_widgets":"default","ocean_display_footer_bottom":"default","ocean_custom_footer_template":"","footnotes":""},"class_list":["post-3101","page","type-page","status-publish","hentry","entry"],"_links":{"self":[{"href":"https:\/\/amvd.org.mx\/index.php\/wp-json\/wp\/v2\/pages\/3101","targetHints":{"allow":["GET"]}}],"collection":[{"href":"https:\/\/amvd.org.mx\/index.php\/wp-json\/wp\/v2\/pages"}],"about":[{"href":"https:\/\/amvd.org.mx\/index.php\/wp-json\/wp\/v2\/types\/page"}],"author":[{"embeddable":true,"href":"https:\/\/amvd.org.mx\/index.php\/wp-json\/wp\/v2\/users\/64"}],"replies":[{"embeddable":true,"href":"https:\/\/amvd.org.mx\/index.php\/wp-json\/wp\/v2\/comments?post=3101"}],"version-history":[{"count":60,"href":"https:\/\/amvd.org.mx\/index.php\/wp-json\/wp\/v2\/pages\/3101\/revisions"}],"predecessor-version":[{"id":4620,"href":"https:\/\/amvd.org.mx\/index.php\/wp-json\/wp\/v2\/pages\/3101\/revisions\/4620"}],"wp:attachment":[{"href":"https:\/\/amvd.org.mx\/index.php\/wp-json\/wp\/v2\/media?parent=3101"}],"curies":[{"name":"wp","href":"https:\/\/api.w.org\/{rel}","templated":true}]}}