{"id":3096,"date":"2025-06-09T12:10:50","date_gmt":"2025-06-09T12:10:50","guid":{"rendered":"https:\/\/amvd.org.mx\/?page_id=3096"},"modified":"2025-07-25T19:45:47","modified_gmt":"2025-07-25T19:45:47","slug":"historia-01","status":"publish","type":"page","link":"https:\/\/amvd.org.mx\/index.php\/historia-01\/","title":{"rendered":"Historia"},"content":{"rendered":"\t\t<div data-elementor-type=\"wp-page\" data-elementor-id=\"3096\" class=\"elementor elementor-3096\" data-elementor-post-type=\"page\">\n\t\t\t\t\t\t<section class=\"elementor-section elementor-top-section elementor-element elementor-element-26a5047 elementor-section-boxed elementor-section-height-default elementor-section-height-default\" data-id=\"26a5047\" data-element_type=\"section\">\n\t\t\t\t\t\t<div class=\"elementor-container elementor-column-gap-default\">\n\t\t\t\t\t<div class=\"elementor-column elementor-col-100 elementor-top-column elementor-element elementor-element-2191814\" data-id=\"2191814\" data-element_type=\"column\">\n\t\t\t<div class=\"elementor-widget-wrap elementor-element-populated\">\n\t\t\t\t\t\t<div class=\"elementor-element elementor-element-84e3818 elementor-widget elementor-widget-text-editor\" data-id=\"84e3818\" data-element_type=\"widget\" data-widget_type=\"text-editor.default\">\n\t\t\t\t<div class=\"elementor-widget-container\">\n\t\t\t\t\t\t\t\t\t<p>A mediados del siglo pasado se marca un gran impulso en el desarrollo econ\u00f3mico de M\u00e9xico, es entonces cuando diversas empresas dedicadas a la actividad de Venta Directa provenientes de Estados Unidos, llegan a nuestro pa\u00eds para expandir dicho sistema.<\/p><p>Dada la innovaci\u00f3n que representaba esta actividad productiva, se hizo necesario la creaci\u00f3n de un organismo que conformara un frente \u00fanico ante retos comunes, entablar un di\u00e1logo con las instituciones gubernamentales, intercambiar experiencias y compartir conocimientos sobre el reci\u00e9n implementado sistema de Ventas Directas en M\u00e9xico.<\/p><p>Es as\u00ed que en 1966 Avon, Stanhome y Tupperware, empresas pioneras en este sistema, decidieron unirse para constituir la Asociaci\u00f3n Mexicana de Ventas Directas A.C. (AMVD), organizaci\u00f3n sin fines de lucro que se ha consolidado y fortalecido gracias a la participaci\u00f3n y liderazgo de hombres y mujeres visionarios comprometidos con esta pujante industria.<\/p><p>En 1978 se funda la\u00a0<a href=\"https:\/\/wfdsa.org\/\" target=\"_blank\" rel=\"noopener\">Federaci\u00f3n Mundial de Asociaciones de Ventas Directas (WFDSA)<\/a>\u00a0en la ciudad de Washington D.C. y desde ese entonces la AMVD ha sido miembro activo de esta organizaci\u00f3n a la cual actualmente pertenecen m\u00e1s de sesenta asociaciones en todo el mundo.<\/p><p>Con el fin de brindar la oportunidad a los proveedores de la industria de conocer m\u00e1s de cerca las necesidades y retos de las empresas afiliadas a la AMVD, en 1987 la Asociaci\u00f3n Mexicana de Ventas Directas abri\u00f3 sus puertas a la participaci\u00f3n de sus principales proveedores, creando as\u00ed la figura del Socio Colaborador quien es parte esencial de la cadena productiva que ha llevado a la consolidaci\u00f3n y \u00e9xito de la Venta Directa en M\u00e9xico. Como una medida de autorregulaci\u00f3n en 1994 se instituye el C\u00f3digo de \u00c9tica de la Asociaci\u00f3n Mexicana de Ventas Directas que ha permitido reforzar y garantizar la conducta \u00e9tica y de respeto que caracteriza a las empresas afiliadas.<\/p>\t\t\t\t\t\t\t\t<\/div>\n\t\t\t\t<\/div>\n\t\t\t\t\t<\/div>\n\t\t<\/div>\n\t\t\t\t\t<\/div>\n\t\t<\/section>\n\t\t\t\t<section class=\"elementor-section elementor-top-section elementor-element elementor-element-ae4fb1e elementor-section-full_width elementor-section-height-default elementor-section-height-default\" data-id=\"ae4fb1e\" data-element_type=\"section\">\n\t\t\t\t\t\t<div class=\"elementor-container elementor-column-gap-default\">\n\t\t\t\t\t<div class=\"elementor-column elementor-col-100 elementor-top-column elementor-element elementor-element-bc3b806\" data-id=\"bc3b806\" data-element_type=\"column\">\n\t\t\t<div class=\"elementor-widget-wrap elementor-element-populated\">\n\t\t\t\t\t\t<section class=\"elementor-section elementor-inner-section elementor-element elementor-element-647c59f elementor-section-boxed elementor-section-height-default elementor-section-height-default\" data-id=\"647c59f\" data-element_type=\"section\">\n\t\t\t\t\t\t<div class=\"elementor-container elementor-column-gap-default\">\n\t\t\t\t\t<div class=\"elementor-column elementor-col-50 elementor-inner-column elementor-element elementor-element-d78fed1\" data-id=\"d78fed1\" data-element_type=\"column\">\n\t\t\t<div class=\"elementor-widget-wrap elementor-element-populated\">\n\t\t\t\t\t\t<div class=\"elementor-element elementor-element-64a48c2 elementor-widget elementor-widget-text-editor\" data-id=\"64a48c2\" data-element_type=\"widget\" data-widget_type=\"text-editor.default\">\n\t\t\t\t<div class=\"elementor-widget-container\">\n\t\t\t\t\t\t\t\t\t<p>Desde el a\u00f1o 2000 la Asociaci\u00f3n Mexicana de Ventas Directas es miembro de la <a href=\"https:\/\/www.concamin.org.mx\/inicio\" target=\"_blank\" rel=\"noopener\">Confederaci\u00f3n de C\u00e1maras Industriales de los Estados Unidos Mexicanos (CONCAMIN)<\/a>\u00a0organismo de representaci\u00f3n empresarial reconocido por su liderazgo y capacidad para desarrollar proyectos e iniciativas que contribuyen al crecimiento de la industria mexicana.<\/p>\n\n<p>\nLa AMVD ha participado y auspiciado diversos eventos internacionales, logrando el acercamiento con la industria de la Venta Directa a nivel mundial. En 2002 encabez\u00f3 los trabajos del Programa CEPI (Iniciativa para la Educaci\u00f3n y Protecci\u00f3n del Consumidor), iniciativa que abarc\u00f3 tanto al sector p\u00fablico como privado y que fue incluida en los trabajos de la Organizaci\u00f3n Asia Pacific Economic Cooperation (APEC).<\/p>\n<p>\nHoy en d\u00eda la AMVD agrupa a las principales empresas mexicanas y extranjeras de Venta Directa que operan en el pa\u00eds garantizando la sana competencia, respeto y transparencia en los procesos comerciales.<\/p>\n<p>\nTodos estos a\u00f1os han implicado un gran trabajo de hombres y mujeres que con su entusiasmo, constancia y dedicaci\u00f3n han hecho de la Asociaci\u00f3n Mexicana de Ventas Directas una s\u00f3lida organizaci\u00f3n que goza de presencia y prestigio, pero sobre todo sentaron las bases para un futuro promisorio en beneficio de la Venta Directa y de la comunidad.<\/p>\n\t\t\t\t\t\t\t\t<\/div>\n\t\t\t\t<\/div>\n\t\t\t\t\t<\/div>\n\t\t<\/div>\n\t\t\t\t<div class=\"elementor-column elementor-col-50 elementor-inner-column elementor-element elementor-element-b8b578a\" data-id=\"b8b578a\" data-element_type=\"column\">\n\t\t\t<div class=\"elementor-widget-wrap elementor-element-populated\">\n\t\t\t\t\t\t<div class=\"elementor-element elementor-element-cefaa35 elementor-widget__width-initial elementor-invisible elementor-widget elementor-widget-image\" data-id=\"cefaa35\" data-element_type=\"widget\" data-settings=\"{&quot;_animation&quot;:&quot;fadeIn&quot;}\" data-widget_type=\"image.default\">\n\t\t\t\t<div class=\"elementor-widget-container\">\n\t\t\t\t\t\t\t\t\t\t\t\t\t\t\t<img fetchpriority=\"high\" decoding=\"async\" width=\"570\" height=\"476\" src=\"https:\/\/amvd.org.mx\/wp-content\/uploads\/2020\/09\/venta-directa.jpg\" class=\"attachment-full size-full wp-image-612\" alt=\"\" srcset=\"https:\/\/amvd.org.mx\/wp-content\/uploads\/2020\/09\/venta-directa.jpg 570w, https:\/\/amvd.org.mx\/wp-content\/uploads\/2020\/09\/venta-directa-300x251.jpg 300w\" sizes=\"(max-width: 570px) 100vw, 570px\" \/>\t\t\t\t\t\t\t\t\t\t\t\t\t\t\t<\/div>\n\t\t\t\t<\/div>\n\t\t\t\t\t<\/div>\n\t\t<\/div>\n\t\t\t\t\t<\/div>\n\t\t<\/section>\n\t\t\t\t\t<\/div>\n\t\t<\/div>\n\t\t\t\t\t<\/div>\n\t\t<\/section>\n\t\t\t\t<\/div>\n\t\t","protected":false},"excerpt":{"rendered":"<p>A mediados del siglo pasado se marca un gran impulso en el desarrollo econ\u00f3mico de M\u00e9xico, es entonces cuando diversas empresas dedicadas a la actividad de Venta Directa provenientes de Estados Unidos, llegan a nuestro pa\u00eds para expandir dicho sistema. Dada la innovaci\u00f3n que representaba esta actividad productiva, se hizo necesario la creaci\u00f3n de un [&hellip;]<\/p>\n","protected":false},"author":64,"featured_media":0,"parent":0,"menu_order":0,"comment_status":"closed","ping_status":"closed","template":"","meta":{"ocean_post_layout":"","ocean_both_sidebars_style":"","ocean_both_sidebars_content_width":0,"ocean_both_sidebars_sidebars_width":0,"ocean_sidebar":"","ocean_second_sidebar":"","ocean_disable_margins":"enable","ocean_add_body_class":"","ocean_shortcode_before_top_bar":"","ocean_shortcode_after_top_bar":"","ocean_shortcode_before_header":"","ocean_shortcode_after_header":"","ocean_has_shortcode":"","ocean_shortcode_after_title":"","ocean_shortcode_before_footer_widgets":"","ocean_shortcode_after_footer_widgets":"","ocean_shortcode_before_footer_bottom":"","ocean_shortcode_after_footer_bottom":"","ocean_display_top_bar":"default","ocean_display_header":"default","ocean_header_style":"","ocean_center_header_left_menu":"","ocean_custom_header_template":"","ocean_custom_logo":144,"ocean_custom_retina_logo":144,"ocean_custom_logo_max_width":0,"ocean_custom_logo_tablet_max_width":0,"ocean_custom_logo_mobile_max_width":0,"ocean_custom_logo_max_height":0,"ocean_custom_logo_tablet_max_height":0,"ocean_custom_logo_mobile_max_height":0,"ocean_header_custom_menu":"","ocean_menu_typo_font_family":"","ocean_menu_typo_font_subset":"","ocean_menu_typo_font_size":0,"ocean_menu_typo_font_size_tablet":0,"ocean_menu_typo_font_size_mobile":0,"ocean_menu_typo_font_size_unit":"px","ocean_menu_typo_font_weight":"","ocean_menu_typo_font_weight_tablet":"","ocean_menu_typo_font_weight_mobile":"","ocean_menu_typo_transform":"","ocean_menu_typo_transform_tablet":"","ocean_menu_typo_transform_mobile":"","ocean_menu_typo_line_height":0,"ocean_menu_typo_line_height_tablet":0,"ocean_menu_typo_line_height_mobile":0,"ocean_menu_typo_line_height_unit":"","ocean_menu_typo_spacing":0,"ocean_menu_typo_spacing_tablet":0,"ocean_menu_typo_spacing_mobile":0,"ocean_menu_typo_spacing_unit":"","ocean_menu_link_color":"","ocean_menu_link_color_hover":"","ocean_menu_link_color_active":"","ocean_menu_link_background":"","ocean_menu_link_hover_background":"","ocean_menu_link_active_background":"","ocean_menu_social_links_bg":"","ocean_menu_social_hover_links_bg":"","ocean_menu_social_links_color":"","ocean_menu_social_hover_links_color":"","ocean_disable_title":"default","ocean_disable_heading":"default","ocean_post_title":"","ocean_post_subheading":"","ocean_post_title_style":"","ocean_post_title_background_color":"","ocean_post_title_background":0,"ocean_post_title_bg_image_position":"","ocean_post_title_bg_image_attachment":"","ocean_post_title_bg_image_repeat":"","ocean_post_title_bg_image_size":"","ocean_post_title_height":0,"ocean_post_title_bg_overlay":0.5,"ocean_post_title_bg_overlay_color":"","ocean_disable_breadcrumbs":"default","ocean_breadcrumbs_color":"","ocean_breadcrumbs_separator_color":"","ocean_breadcrumbs_links_color":"","ocean_breadcrumbs_links_hover_color":"","ocean_display_footer_widgets":"default","ocean_display_footer_bottom":"default","ocean_custom_footer_template":"","footnotes":""},"class_list":["post-3096","page","type-page","status-publish","hentry","entry"],"_links":{"self":[{"href":"https:\/\/amvd.org.mx\/index.php\/wp-json\/wp\/v2\/pages\/3096","targetHints":{"allow":["GET"]}}],"collection":[{"href":"https:\/\/amvd.org.mx\/index.php\/wp-json\/wp\/v2\/pages"}],"about":[{"href":"https:\/\/amvd.org.mx\/index.php\/wp-json\/wp\/v2\/types\/page"}],"author":[{"embeddable":true,"href":"https:\/\/amvd.org.mx\/index.php\/wp-json\/wp\/v2\/users\/64"}],"replies":[{"embeddable":true,"href":"https:\/\/amvd.org.mx\/index.php\/wp-json\/wp\/v2\/comments?post=3096"}],"version-history":[{"count":80,"href":"https:\/\/amvd.org.mx\/index.php\/wp-json\/wp\/v2\/pages\/3096\/revisions"}],"predecessor-version":[{"id":4621,"href":"https:\/\/amvd.org.mx\/index.php\/wp-json\/wp\/v2\/pages\/3096\/revisions\/4621"}],"wp:attachment":[{"href":"https:\/\/amvd.org.mx\/index.php\/wp-json\/wp\/v2\/media?parent=3096"}],"curies":[{"name":"wp","href":"https:\/\/api.w.org\/{rel}","templated":true}]}}